{"id":514,"date":"2017-09-01T10:22:58","date_gmt":"2017-09-01T10:22:58","guid":{"rendered":"https:\/\/hotwheelsrent.es\/car-rental-home\/"},"modified":"2025-04-03T17:14:22","modified_gmt":"2025-04-03T17:14:22","slug":"car-rental-home","status":"publish","type":"page","link":"https:\/\/hotwheelsrent.es\/es\/","title":{"rendered":"Inicio"},"content":{"rendered":"<p>[vc_row full_width=\u00bbstretch_row\u00bb css=\u00bb.vc_custom_1644859323067{padding-top: 50px !important;padding-bottom: 5px !important;background-color: #1565c0 !important;}\u00bb][vc_column width=\u00bb1\/3&#8243; css=\u00bb.vc_custom_1549803796537{padding-top: 0px !important;}\u00bb][vc_row_inner content_placement=\u00bbtop\u00bb][vc_column_inner width=\u00bb1\/4&#8243; css=\u00bb.vc_custom_1549806790674{padding-top: 13px !important;padding-right: 0px !important;padding-left: 0px !important;}\u00bb offset=\u00bbvc_col-xs-3&#8243;][vc_icon icon_fontawesome=\u00bbfa fa-check\u00bb color=\u00bbwhite\u00bb background_style=\u00bbrounded\u00bb background_color=\u00bbcustom\u00bb size=\u00bbxs\u00bb align=\u00bbcenter\u00bb css=\u00bb.vc_custom_1549805533197{margin-top: -10px !important;}\u00bb custom_background_color=\u00bb#25c6da\u00bb][\/vc_column_inner][vc_column_inner width=\u00bb3\/4&#8243; css=\u00bb.vc_custom_1549806778662{padding-top: 0px !important;padding-bottom: 0px !important;padding-left: 0px !important;}\u00bb offset=\u00bbvc_col-xs-9&#8243;][vc_column_text]<span style=\"color: #ffffff;\">Mejor precio garantizado: si encuentra un precio m\u00e1s bajo, le devolvemos la diferencia<\/span>[\/vc_column_text][\/vc_column_inner][\/vc_row_inner][\/vc_column][vc_column width=\u00bb1\/3&#8243; css=\u00bb.vc_custom_1549803805137{padding-top: 0px !important;}\u00bb][vc_row_inner content_placement=\u00bbtop\u00bb][vc_column_inner width=\u00bb1\/4&#8243; css=\u00bb.vc_custom_1549806831993{padding-top: 13px !important;padding-right: 0px !important;padding-left: 0px !important;}\u00bb offset=\u00bbvc_col-xs-3&#8243;][vc_icon icon_fontawesome=\u00bbfa fa-check\u00bb color=\u00bbwhite\u00bb background_style=\u00bbrounded\u00bb background_color=\u00bbcustom\u00bb size=\u00bbxs\u00bb align=\u00bbcenter\u00bb css=\u00bb.vc_custom_1549805533197{margin-top: -10px !important;}\u00bb custom_background_color=\u00bb#25c6da\u00bb][\/vc_column_inner][vc_column_inner width=\u00bb3\/4&#8243; css=\u00bb.vc_custom_1549806846886{padding-left: 0px !important;}\u00bb offset=\u00bbvc_col-xs-9&#8243;][vc_column_text]<span style=\"color: #ffffff;\">Sin gastos de cancelaci\u00f3n (hasta 2 d\u00edas antes de recoger tu veh\u00edculo)<\/span>[\/vc_column_text][\/vc_column_inner][\/vc_row_inner][\/vc_column][vc_column width=\u00bb1\/3&#8243; css=\u00bb.vc_custom_1549803812749{padding-top: 0px !important;}\u00bb][vc_row_inner content_placement=\u00bbtop\u00bb][vc_column_inner width=\u00bb1\/4&#8243; css=\u00bb.vc_custom_1549806866661{padding-top: 13px !important;padding-right: 0px !important;padding-left: 0px !important;}\u00bb offset=\u00bbvc_col-xs-3&#8243;][vc_icon icon_fontawesome=\u00bbfa fa-check\u00bb color=\u00bbwhite\u00bb background_style=\u00bbrounded\u00bb background_color=\u00bbcustom\u00bb size=\u00bbxs\u00bb align=\u00bbcenter\u00bb css=\u00bb.vc_custom_1549805533197{margin-top: -10px !important;}\u00bb custom_background_color=\u00bb#25c6da\u00bb][\/vc_column_inner][vc_column_inner width=\u00bb3\/4&#8243; css=\u00bb.vc_custom_1549806883206{padding-left: 0px !important;}\u00bb offset=\u00bbvc_col-xs-9&#8243;][vc_column_text]<span style=\"color: #ffffff;\">Sin extras ocultos que pagar: cobertura por robo y da\u00f1os incluida<\/span>[\/vc_column_text][\/vc_column_inner][\/vc_row_inner][\/vc_column][\/vc_row][vc_row full_width=\u00bbstretch_row\u00bb css=\u00bb.vc_custom_1549812940307{padding-top: 50px !important;padding-bottom: 15px !important;background-color: #ffffff !important;}\u00bb][vc_column css=\u00bb.vc_custom_1549812962000{padding-top: 0px !important;}\u00bb][vc_custom_heading text=\u00bbNuestro Alquileres\u00bb font_container=\u00bbtag:h3|font_size:30px|text_align:center\u00bb use_theme_fonts=\u00bbyes\u00bb][\/vc_column][\/vc_row][vc_row css=\u00bb.vc_custom_1645275972349{background-color: #ffffff !important;}\u00bb][vc_column width=\u00bb1\/4&#8243;][vc_single_image image=\u00bb783&#8243; img_size=\u00bbfull\u00bb alignment=\u00bbcenter\u00bb][vc_custom_heading text=\u00bbCoches\u00bb font_container=\u00bbtag:h3|font_size:30px|text_align:center\u00bb use_theme_fonts=\u00bbyes\u00bb css=\u00bb.vc_custom_1645276490204{padding-bottom: 30px !important;}\u00bb link=\u00bburl:https%3A%2F%2Fhotwheelsrent.es%2Fes%2Freservar-alquilar-car-hire-ibiza-san-antonio-bay%2F|title:Aquiler%20de%20coches%20en%20ibiza%20&#8243;][\/vc_column][vc_column width=\u00bb1\/4&#8243;][vc_single_image image=\u00bb785&#8243; img_size=\u00bbfull\u00bb alignment=\u00bbcenter\u00bb][vc_custom_heading text=\u00bbMotos\/Scooters\u00bb font_container=\u00bbtag:h3|font_size:30px|text_align:center\u00bb use_theme_fonts=\u00bbyes\u00bb css=\u00bb.vc_custom_1645276540704{padding-bottom: 30px !important;}\u00bb link=\u00bburl:https%3A%2F%2Fhotwheelsrent.es%2Fes%2Freservar-alquilar-car-hire-ibiza-san-antonio-bay%2F|title:Alquiler%20de%20Motos%20y%20scooters%20en%20san%20antonio%20bay\u00bb][\/vc_column][vc_column width=\u00bb1\/4&#8243;][vc_single_image image=\u00bb788&#8243; img_size=\u00bbfull\u00bb alignment=\u00bbcenter\u00bb][vc_custom_heading text=\u00bbQuads\u00bb font_container=\u00bbtag:h3|font_size:30px|text_align:center\u00bb use_theme_fonts=\u00bbyes\u00bb css=\u00bb.vc_custom_1645276585553{padding-bottom: 30px !important;}\u00bb link=\u00bburl:https%3A%2F%2Fhotwheelsrent.es%2Fes%2Freservar-alquilar-car-hire-ibiza-san-antonio-bay%2F|title:Alquiler%20de%20quads%20en%20cala%20de%20bou%20la%20bahia%20de%20san%20antonio\u00bb][\/vc_column][vc_column width=\u00bb1\/4&#8243;][vc_single_image image=\u00bb790&#8243; img_size=\u00bbfull\u00bb alignment=\u00bbcenter\u00bb][vc_custom_heading text=\u00bbScooters El\u00e9ctricos\u00bb font_container=\u00bbtag:h3|font_size:30px|text_align:center\u00bb use_theme_fonts=\u00bbyes\u00bb css=\u00bb.vc_custom_1645276631970{padding-bottom: 30px !important;}\u00bb link=\u00bburl:https%3A%2F%2Fhotwheelsrent.es%2Fes%2Freservar-alquilar-car-hire-ibiza-san-antonio-bay%2F|title:Alquiler%20de%20Patines%20el%C3%A9ctricos%20cala%20de%20bou%20bahia%20de%20San%20Antonio%20&#8243;][\/vc_column][\/vc_row][vc_row full_width=\u00bbstretch_row\u00bb css=\u00bb.vc_custom_1549879392239{background-color: #ffffff !important;}\u00bb][vc_column][vc_custom_heading text=\u00bbNo te pierdas estas ofertas especiales\u00bb font_container=\u00bbtag:h3|font_size:30px|text_align:center\u00bb use_theme_fonts=\u00bbyes\u00bb css=\u00bb.vc_custom_1644950113650{padding-bottom: 30px !important;}\u00bb][\/vc_column][\/vc_row][vc_row full_width=\u00bbstretch_row\u00bb gap=\u00bb20&#8243; equal_height=\u00bbyes\u00bb content_placement=\u00bbmiddle\u00bb css=\u00bb.vc_custom_1549890312020{background-color: #ffffff !important;}\u00bb][vc_column width=\u00bb2\/3&#8243; css=\u00bb.vc_custom_1644863896427{background-image: url(https:\/\/hotwheelsrent.es\/wp-content\/uploads\/2022\/02\/car-hire-san-antonio-bay-cala-de-bbou.jpg?id=497) !important;background-position: center !important;background-repeat: no-repeat !important;background-size: cover !important;}\u00bb][vc_row_inner][vc_column_inner width=\u00bb1\/2&#8243;][vc_cta h2=\u00bbAlquiler de coches en Ibiza\u00bb h2_font_container=\u00bbtag:h2|font_size:27px|text_align:left|color:%23ffffff\u00bb h2_use_theme_fonts=\u00bbyes\u00bb txt_align=\u00bbcenter\u00bb shape=\u00bbsquare\u00bb style=\u00bbcustom\u00bb add_button=\u00bbbottom\u00bb btn_title=\u00bbRESERVAR AHORA\u00bb btn_style=\u00bbgradient-custom\u00bb btn_gradient_custom_color_1=\u00bb#ff5ca3&#8243; btn_gradient_custom_color_2=\u00bb#ff5ca3&#8243; btn_shape=\u00bbround\u00bb btn_size=\u00bbsm\u00bb btn_align=\u00bbcenter\u00bb use_custom_fonts_h2=\u00bbtrue\u00bb custom_background=\u00bbrgba(255,255,255,0.01)\u00bb custom_text=\u00bb#ffffff\u00bb css=\u00bb.vc_custom_1645035544137{border-top-width: 0px !important;border-right-width: 0px !important;border-bottom-width: 0px !important;border-left-width: 0px !important;}\u00bb btn_link=\u00bburl:https%3A%2F%2Fhotwheelsrent.es%2Fes%2Freservar-alquilar-car-hire-ibiza-san-antonio-bay%2F|title:Car%20hire%20in%20%20Ibiza\u00bb]<span style=\"color: #ffffff;\"> Alquilamos todo tipo de autocares, motos el\u00e9ctricas, patinetes el\u00e9ctricos, patinetes el\u00e9ctricos y quads..<\/span>[\/vc_cta][\/vc_column_inner][vc_column_inner width=\u00bb1\/2&#8243;][\/vc_column_inner][\/vc_row_inner][\/vc_column][vc_column width=\u00bb1\/3&#8243; css=\u00bb.vc_custom_1549888375416{background-color: #1565c0 !important;}\u00bb][vc_column_text css=\u00bb.vc_custom_1644934706950{margin-bottom: 0px !important;padding-bottom: 20px !important;}\u00bb]<\/p>\n<p style=\"text-align: center;\"><span style=\"color: #ffffff;\"><i class=\"material-icons\">star<\/i><i class=\"material-icons\">star<\/i><i class=\"material-icons\">star<\/i><i class=\"material-icons\">star<\/i><i class=\"material-icons\">star<\/i><\/span><\/p>\n<p>[\/vc_column_text][vc_tta_pageable no_fill_content_area=\u00bb1&#8243; autoplay=\u00bb4&#8243; active_section=\u00bb1&#8243; pagination_style=\u00bb\u00bb css=\u00bb.vc_custom_1549890333280{padding-right: 20px !important;padding-left: 20px !important;}\u00bb][vc_tta_section title=\u00bbSection 1&#8243; tab_id=\u00bb1549880701401-2df5bed7-c5da\u00bb][vc_column_text]<\/p>\n<p style=\"text-align: center;\"><span style=\"color: #ffffff;\">El alquiler de coches m\u00e1s incre\u00edble, sin necesidad de buscar otro. Muy buen equipo, bien hecho, calidad y soporte A+++<\/span><\/p>\n<p>[\/vc_column_text][\/vc_tta_section][vc_tta_section title=\u00bbSection 2&#8243; tab_id=\u00bb1549880701566-28d9f0be-61be\u00bb][vc_column_text]<\/p>\n<p style=\"text-align: center;\"><span style=\"color: #ffffff;\">Solo una nota personal para todos ustedes; \u00a1Estos muchachos son simplemente incre\u00edbles! \u00a1SERVICIO! Muy recomendable.<\/span><\/p>\n<p>[\/vc_column_text][\/vc_tta_section][vc_tta_section title=\u00bbSection 2&#8243; tab_id=\u00bb1549880701728-fc7af26f-78c8&#8243;][vc_column_text]<\/p>\n<p style=\"text-align: center;\"><span style=\"color: #ffffff;\">\u00a1Una muy buena empresa de alquiler de coches! en la bah\u00eda de San Antonio<\/span><\/p>\n<p>[\/vc_column_text][\/vc_tta_section][vc_tta_section title=\u00bbSection 2&#8243; tab_id=\u00bb1549880701922-d6e2cb7b-a43d\u00bb][vc_column_text]<\/p>\n<p style=\"text-align: center;\"><span style=\"color: #ffffff;\">Un alquiler de coches perfecto en Ibiza, estoy realmente impresionado.<\/span><\/p>\n<p>[\/vc_column_text][\/vc_tta_section][\/vc_tta_pageable][\/vc_column][\/vc_row][vc_row full_width=\u00bbstretch_row\u00bb gap=\u00bb20&#8243; equal_height=\u00bbyes\u00bb content_placement=\u00bbmiddle\u00bb css=\u00bb.vc_custom_1549890171324{background-color: #ffffff !important;}\u00bb][vc_column width=\u00bb1\/3&#8243; css=\u00bb.vc_custom_1549888580221{background-color: #25c6da !important;}\u00bb][vc_cta h2=\u00bbHot Wheels Rent, SL\u00bb h2_font_container=\u00bbtag:h2|font_size:27px|text_align:left|color:%23ffffff\u00bb h2_use_theme_fonts=\u00bbyes\u00bb txt_align=\u00bbcenter\u00bb shape=\u00bbsquare\u00bb style=\u00bbcustom\u00bb add_button=\u00bbbottom\u00bb btn_title=\u00bbRESERVAR AHORA\u00bb btn_style=\u00bbgradient-custom\u00bb btn_gradient_custom_color_1=\u00bb#ff5ca3&#8243; btn_gradient_custom_color_2=\u00bb#ff5ca3&#8243; btn_shape=\u00bbround\u00bb btn_size=\u00bbsm\u00bb btn_align=\u00bbcenter\u00bb use_custom_fonts_h2=\u00bbtrue\u00bb custom_background=\u00bbrgba(255,255,255,0.01)\u00bb custom_text=\u00bb#ffffff\u00bb css=\u00bb.vc_custom_1645035552297{border-top-width: 0px !important;border-right-width: 0px !important;border-bottom-width: 0px !important;border-left-width: 0px !important;}\u00bb btn_link=\u00bburl:https%3A%2F%2Fhotwheelsrent.es%2Fes%2Freservar-alquilar-car-hire-ibiza-san-antonio-bay%2F|title:Car%20hire%20in%20San%20Antonio%20bay\u00bb]<span style=\"color: #ffffff;\">todo tipo de autocares, motos el\u00e9ctricas, patinetes el\u00e9ctricos, patinetes el\u00e9ctricos y quads.<\/span>[\/vc_cta][\/vc_column][vc_column width=\u00bb2\/3&#8243; css=\u00bb.vc_custom_1644944555408{background-image: url(https:\/\/hotwheelsrent.es\/wp-content\/uploads\/2018\/07\/Happy-people-in-car-hire-in-ibiza-.jpg?id=587) !important;background-position: center !important;background-repeat: no-repeat !important;background-size: cover !important;}\u00bb][vc_row_inner][vc_column_inner][vc_cta h2=\u00bbAlquiler de coches desde 45.00\u20ac\u00bb h2_font_container=\u00bbtag:h2|font_size:30px|text_align:left|color:%23ffffff\u00bb h2_use_theme_fonts=\u00bbyes\u00bb txt_align=\u00bbcenter\u00bb shape=\u00bbsquare\u00bb style=\u00bbcustom\u00bb el_width=\u00bbmd\u00bb use_custom_fonts_h2=\u00bbtrue\u00bb custom_background=\u00bbrgba(255,255,255,0.01)\u00bb custom_text=\u00bb#ffffff\u00bb css=\u00bb.vc_custom_1644950240200{border-top-width: 0px !important;border-right-width: 0px !important;border-bottom-width: 0px !important;border-left-width: 0px !important;}\u00bb]<span style=\"color: #ffffff;\">Las mejores tarifas y ahorros exclusivos con Book Your Car<\/span>[\/vc_cta][\/vc_column_inner][\/vc_row_inner][\/vc_column][\/vc_row][vc_row full_width=\u00bbstretch_row\u00bb css=\u00bb.vc_custom_1544525015211{padding-bottom: 40px !important;background-color: #ffffff !important;}\u00bb][vc_column css=\u00bb.vc_custom_1544524968645{padding-top: 0px !important;}\u00bb][rev_slider_vc alias=\u00bbCar-Rental-Carousel\u00bb][\/vc_column][\/vc_row][vc_row full_width=\u00bbstretch_row\u00bb css=\u00bb.vc_custom_1549812940307{padding-top: 50px !important;padding-bottom: 15px !important;background-color: #ffffff !important;}\u00bb][vc_column css=\u00bb.vc_custom_1549812962000{padding-top: 0px !important;}\u00bb][vc_custom_heading text=\u00bbNo te pierdas estas ofertas especiales\u00bb font_container=\u00bbtag:h3|font_size:30px|text_align:center\u00bb use_theme_fonts=\u00bbyes\u00bb css=\u00bb.vc_custom_1644950203446{padding-bottom: 30px !important;}\u00bb][vc_basic_grid post_type=\u00bbpost\u00bb max_items=\u00bb3&#8243; item=\u00bb212&#8243; initial_loading_animation=\u00bbnone\u00bb grid_id=\u00bbvc_gid:1743700391470-06bcebc2385aabefecf8544416ef7e01-7&#8243; taxonomies=\u00bb32&#8243;][\/vc_column][\/vc_row][vc_row][vc_column][vc_column_text]<\/p>\n<p style=\"font-weight: 400; text-align: center;\">\ud83c\udf31 Energ\u00eda sostenible para un futuro mejor.<br \/>\nEn Hot Wheels Rent SL seguimos avanzando con compromiso y responsabilidad.<br \/>\nNos hemos acogido al Plan de Recuperaci\u00f3n y Transformaci\u00f3n e instalado placas solares apostando por una energ\u00eda m\u00e1s limpia y eficiente.<br \/>\nCada paso cuenta. Porque construir un ma\u00f1ana m\u00e1s verde empieza hoy.<\/p>\n<p style=\"font-weight: 400; text-align: center;\"><a href=\"https:\/\/next-generation-eu.europa.eu\/index_es\">https:\/\/next-generation-eu.europa.eu\/index_es<\/a><\/p>\n<p style=\"font-weight: 400; text-align: center;\">#Energ\u00edaSostenible #CompromisoMedioambiental #Energ\u00edaRenovable #EmpresaResponsable #FuturoVerde #Sostenibilidad #<\/p>\n<p>[\/vc_column_text][\/vc_column][\/vc_row][vc_row][vc_column][vc_single_image image=\u00bb845&#8243; img_size=\u00bbfull\u00bb alignment=\u00bbcenter\u00bb][\/vc_column][\/vc_row]<\/p>\n","protected":false},"excerpt":{"rendered":"<p>[vc_row full_width=\u00bbstretch_row\u00bb css=\u00bb.vc_custom_1644859323067{padding-top: 50px !important;padding-bottom: 5px !important;background-color: #1565c0 !important;}\u00bb][vc_column width=\u00bb1\/3&#8243; css=\u00bb.vc_custom_1549803796537{padding-top: 0px !important;}\u00bb][vc_row_inner content_placement=\u00bbtop\u00bb][vc_column_inner width=\u00bb1\/4&#8243; css=\u00bb.vc_custom_1549806790674{padding-top: 13px !important;padding-right: 0px !important;padding-left: 0px !important;}\u00bb offset=\u00bbvc_col-xs-3&#8243;][vc_icon icon_fontawesome=\u00bbfa fa-check\u00bb color=\u00bbwhite\u00bb background_style=\u00bbrounded\u00bb background_color=\u00bbcustom\u00bb size=\u00bbxs\u00bb align=\u00bbcenter\u00bb css=\u00bb.vc_custom_1549805533197{margin-top: -10px !important;}\u00bb custom_background_color=\u00bb#25c6da\u00bb][\/vc_column_inner][vc_column_inner width=\u00bb3\/4&#8243; css=\u00bb.vc_custom_1549806778662{padding-top: 0px !important;padding-bottom: 0px !important;padding-left: 0px !important;}\u00bb offset=\u00bbvc_col-xs-9&#8243;][vc_column_text]Mejor precio garantizado: si encuentra un precio m\u00e1s bajo, le devolvemos la diferencia[\/vc_column_text][\/vc_column_inner][\/vc_row_inner][\/vc_column][vc_column [&hellip;]<\/p>\n","protected":false},"author":1,"featured_media":0,"parent":0,"menu_order":0,"comment_status":"closed","ping_status":"closed","template":"byt_home.php","meta":[],"_links":{"self":[{"href":"https:\/\/hotwheelsrent.es\/es\/wp-json\/wp\/v2\/pages\/514"}],"collection":[{"href":"https:\/\/hotwheelsrent.es\/es\/wp-json\/wp\/v2\/pages"}],"about":[{"href":"https:\/\/hotwheelsrent.es\/es\/wp-json\/wp\/v2\/types\/page"}],"author":[{"embeddable":true,"href":"https:\/\/hotwheelsrent.es\/es\/wp-json\/wp\/v2\/users\/1"}],"replies":[{"embeddable":true,"href":"https:\/\/hotwheelsrent.es\/es\/wp-json\/wp\/v2\/comments?post=514"}],"version-history":[{"count":27,"href":"https:\/\/hotwheelsrent.es\/es\/wp-json\/wp\/v2\/pages\/514\/revisions"}],"predecessor-version":[{"id":847,"href":"https:\/\/hotwheelsrent.es\/es\/wp-json\/wp\/v2\/pages\/514\/revisions\/847"}],"wp:attachment":[{"href":"https:\/\/hotwheelsrent.es\/es\/wp-json\/wp\/v2\/media?parent=514"}],"curies":[{"name":"wp","href":"https:\/\/api.w.org\/{rel}","templated":true}]}}