{"id":582,"date":"2018-01-29T11:21:19","date_gmt":"2018-01-29T11:21:19","guid":{"rendered":"https:\/\/hotwheelsrent.es\/faq\/"},"modified":"2022-02-16T18:17:52","modified_gmt":"2022-02-16T18:17:52","slug":"faq","status":"publish","type":"page","link":"https:\/\/hotwheelsrent.es\/es\/faq\/","title":{"rendered":"Faq"},"content":{"rendered":"<p>Soy tan feliz, mi querido amigo, tan absorto en el exquisito sentido de la mera existencia tranquila, que descuido mis talentos. Ser\u00eda incapaz de dibujar un solo trazo en este momento; y, sin embargo, siento que nunca fui un artista m\u00e1s grande que ahora.[\/vc_toggle][vc_toggle title=\u00bb\u00bfPuedo alquilar un modelo de autom\u00f3vil espec\u00edfico?\u00bb style=\u00bbsimple\u00bb color=\u00bbturquoise\u00bb]Una maravillosa serenidad se ha apoderado de toda mi alma, como estas dulces ma\u00f1anas de primavera que disfruto con todo mi coraz\u00f3n. Estoy solo y siento el encanto de la existencia en este lugar, que fue creado para la dicha de almas como la m\u00eda.<\/p>\n<p>Soy tan feliz, mi querido amigo, tan absorto en el exquisito sentido de la mera existencia tranquila, que descuido mis talentos. Ser\u00eda incapaz de dibujar un solo trazo en este momento; y, sin embargo, siento que nunca fui un mejor artista que ahora.[\/vc_toggle][vc_toggle title=\u00bb\u00bfPuedo cambiar mi reserva y tengo que pagar una tarifa de cancelaci\u00f3n?\u00bb style=\u00bbsimple\u00bb color=\u00bbturquoise\u00bb]Una maravillosa serenidad se ha apoderado de toda mi alma, como estas dulces ma\u00f1anas de primavera que disfruto con todo mi coraz\u00f3n. Estoy solo y siento el encanto de la existencia en este lugar, que fue creado para la dicha de almas como la m\u00eda.<\/p>\n<p>Soy tan feliz, mi querido amigo, tan absorto en el exquisito sentido de la mera existencia tranquila, que descuido mis talentos. Ser\u00eda incapaz de dibujar un solo trazo en este momento; y, sin embargo, siento que nunca fui un artista m\u00e1s grande que ahora.[\/vc_toggle][vc_toggle title=\u00bb\u00bfPuedo cruzar fronteras con mi coche de alquiler?\u00bb style=\u00bbsimple\u00bb color=\u00bbturquoise\u00bb]Una maravillosa serenidad se ha apoderado de toda mi alma, como estas dulces ma\u00f1anas de primavera que disfruto con todo mi coraz\u00f3n. Estoy solo y siento el encanto de la existencia en este lugar, que fue creado para la dicha de almas como la m\u00eda.<\/p>\n<p>Soy tan feliz, mi querido amigo, tan absorto en el exquisito sentido de la mera existencia tranquila, que descuido mis talentos. Ser\u00eda incapaz de dibujar un solo trazo en este momento; y, sin embargo, siento que nunca fui un artista m\u00e1s grande que ahora.[\/vc_toggle][vc_toggle title=\u00bb\u00bfPuedo alquilar el coche en un lugar y dejarlo en otra estaci\u00f3n?\u00bb style=\u00bbsimple\u00bb color=\u00bbturquoise\u00bb]Una maravillosa serenidad se ha apoderado de toda mi alma, como estas dulces ma\u00f1anas de primavera que disfruto con todo mi coraz\u00f3n. Estoy solo y siento el encanto de la existencia en este lugar, que fue creado para la dicha de almas como la m\u00eda.<\/p>\n<p>Soy tan feliz, mi querido amigo, tan absorto en el exquisito sentido de la mera existencia tranquila, que descuido mis talentos. Ser\u00eda incapaz de dibujar un solo trazo en este momento; y, sin embargo, siento que nunca fui un artista m\u00e1s grande que ahora.[\/vc_toggle][\/vc_column][\/vc_row]<\/p>\n","protected":false},"excerpt":{"rendered":"<p>Soy tan feliz, mi querido amigo, tan absorto en el exquisito sentido de la mera existencia tranquila, que descuido mis talentos. Ser\u00eda incapaz de dibujar un solo trazo en este momento; y, sin embargo, siento que nunca fui un artista m\u00e1s grande que ahora.[\/vc_toggle][vc_toggle title=\u00bb\u00bfPuedo alquilar un modelo de autom\u00f3vil espec\u00edfico?\u00bb style=\u00bbsimple\u00bb color=\u00bbturquoise\u00bb]Una maravillosa serenidad [&hellip;]<\/p>\n","protected":false},"author":1,"featured_media":0,"parent":0,"menu_order":0,"comment_status":"closed","ping_status":"closed","template":"","meta":[],"_links":{"self":[{"href":"https:\/\/hotwheelsrent.es\/es\/wp-json\/wp\/v2\/pages\/582"}],"collection":[{"href":"https:\/\/hotwheelsrent.es\/es\/wp-json\/wp\/v2\/pages"}],"about":[{"href":"https:\/\/hotwheelsrent.es\/es\/wp-json\/wp\/v2\/types\/page"}],"author":[{"embeddable":true,"href":"https:\/\/hotwheelsrent.es\/es\/wp-json\/wp\/v2\/users\/1"}],"replies":[{"embeddable":true,"href":"https:\/\/hotwheelsrent.es\/es\/wp-json\/wp\/v2\/comments?post=582"}],"version-history":[{"count":2,"href":"https:\/\/hotwheelsrent.es\/es\/wp-json\/wp\/v2\/pages\/582\/revisions"}],"predecessor-version":[{"id":724,"href":"https:\/\/hotwheelsrent.es\/es\/wp-json\/wp\/v2\/pages\/582\/revisions\/724"}],"wp:attachment":[{"href":"https:\/\/hotwheelsrent.es\/es\/wp-json\/wp\/v2\/media?parent=582"}],"curies":[{"name":"wp","href":"https:\/\/api.w.org\/{rel}","templated":true}]}}