{"id":606,"date":"2022-02-14T12:33:11","date_gmt":"2022-02-14T12:33:11","guid":{"rendered":"https:\/\/hotwheelsrent.es\/who-are-we\/"},"modified":"2022-02-15T16:24:12","modified_gmt":"2022-02-15T16:24:12","slug":"quienes-somos-nosotros","status":"publish","type":"page","link":"https:\/\/hotwheelsrent.es\/es\/quienes-somos-nosotros\/","title":{"rendered":"Quienes somos nosotros"},"content":{"rendered":"<p align=\"justify\"><strong>Hot Wheels Rent, SL<\/strong><\/p>\n<p>es una empresa de alquiler de coches ubicada en la bah\u00eda de San Antonio, concretamente en Calle de Es Calo, 77, 07829 San Jose de Sa Talaia, Ibiza.<\/p>\n<p><strong>Alquilamos<\/strong> &nbsp;todo tipo de autocares, motos el\u00e9ctricas, patinetes el\u00e9ctricos, patinetes el\u00e9ctricos y quads. Estamos en nuestro taller en la bah\u00eda de San Antonio y tambi\u00e9n online, donde nuestros clientes pueden reservar el veh\u00edculo de su inter\u00e9s.<\/p>\n<p>Tambi\u00e9n contamos con la distribuci\u00f3n oficial y representaci\u00f3n comercial en Ibiza de motos el\u00e9ctricas, scooters el\u00e9ctricos y patinetes el\u00e9ctricos de la prestigiosa marca de veh\u00edculos el\u00e9ctricos SUNRA y Gran-Scooter. Por eso podemos ofrecer una gran variedad de modelos el\u00e9ctricos a muy buenos precios. Tenemos modelos matriculables y no enrolables, pero pueden circular por carretera. Y hay descuentos para el plan MOVES lll en todos los modelos 125e. Todos los modelos vienen con una garant\u00eda de 2 a\u00f1os.<\/p>\n<p><strong>Ofrecemos servicio t\u00e9cnico de <\/strong>&nbsp;<strong>reparaci\u00f3n<\/strong> de todos los modelos que distribuimos para las marcas de veh\u00edculos el\u00e9ctricos SUNRA y Gran-Scooter. Tambi\u00e9n puedes encontrar todo tipo de&nbsp; <strong>recambios&lt; \/strong&gt; para los veh\u00edculos que tenemos a la venta de estas marcas. de una semana estar\u00e1n en Ibiza a tu disposici\u00f3n. Asimismo, tenemos cascos, maleteros y muchos otros a tu disposici\u00f3n. Contacta con nosotros si necesitas cualquier tipo de informaci\u00f3n.<\/strong><\/p>\n<p><strong>&nbsp;<\/p>\n<p>En nuestra web:&nbsp; <a href=\"http:\/\/www.hotwheelsrent.com\/\"><u>http:\/\/www.hotwheelsrent.com<\/u><\/a> &nbsp;encontrar\u00e1 nuestros veh\u00edculos para su alquiler online y tambi\u00e9n nuestras motos, scooters, motocicletas y patinetes el\u00e9ctricos en venta. Estamos abiertos a su servicio durante todo el a\u00f1o.<\/p>\n<p><\/strong><\/p>\n","protected":false},"excerpt":{"rendered":"<p>Hot Wheels Rent, SL es una empresa de alquiler de coches ubicada en la bah\u00eda de San Antonio, concretamente en Calle de Es Calo, 77, 07829 San Jose de Sa Talaia, Ibiza. Alquilamos &nbsp;todo tipo de autocares, motos el\u00e9ctricas, patinetes el\u00e9ctricos, patinetes el\u00e9ctricos y quads. Estamos en nuestro taller en la bah\u00eda de San Antonio [&hellip;]<\/p>\n","protected":false},"author":1,"featured_media":0,"parent":0,"menu_order":0,"comment_status":"closed","ping_status":"open","template":"","meta":[],"_links":{"self":[{"href":"https:\/\/hotwheelsrent.es\/es\/wp-json\/wp\/v2\/pages\/606"}],"collection":[{"href":"https:\/\/hotwheelsrent.es\/es\/wp-json\/wp\/v2\/pages"}],"about":[{"href":"https:\/\/hotwheelsrent.es\/es\/wp-json\/wp\/v2\/types\/page"}],"author":[{"embeddable":true,"href":"https:\/\/hotwheelsrent.es\/es\/wp-json\/wp\/v2\/users\/1"}],"replies":[{"embeddable":true,"href":"https:\/\/hotwheelsrent.es\/es\/wp-json\/wp\/v2\/comments?post=606"}],"version-history":[{"count":3,"href":"https:\/\/hotwheelsrent.es\/es\/wp-json\/wp\/v2\/pages\/606\/revisions"}],"predecessor-version":[{"id":609,"href":"https:\/\/hotwheelsrent.es\/es\/wp-json\/wp\/v2\/pages\/606\/revisions\/609"}],"wp:attachment":[{"href":"https:\/\/hotwheelsrent.es\/es\/wp-json\/wp\/v2\/media?parent=606"}],"curies":[{"name":"wp","href":"https:\/\/api.w.org\/{rel}","templated":true}]}}